  {"id":4326,"date":"2014-06-04T00:00:00","date_gmt":"2014-06-03T22:00:00","guid":{"rendered":"https:\/\/www.wereditilburg.nl\/tennis\/checklist-bij-het-organiseren-van-activiteiten\/"},"modified":"2025-02-25T14:12:31","modified_gmt":"2025-02-25T13:12:31","slug":"checklist-bij-het-organiseren-van-activiteiten","status":"publish","type":"page","link":"https:\/\/www.wereditilburg.nl\/tennis\/checklist-bij-het-organiseren-van-activiteiten\/","title":{"rendered":"Checklist bij organisatie van activiteiten!"},"content":{"rendered":"<section class=\"wpb-content-wrapper\"><p>[vc_row][vc_column width=&#8221;2\/3&#8243;][vc_column_text]Organiseer je een activiteit? Actieve leden &#8216;maken&#8217; de vereniging, dus alvast bedankt voor je inzet!<\/p>\n<p>Om de organisatie zo soepel mogelijk te laten verlopen, is een checklist voor het organiseren van activiteiten opgesteld. Je kan deze ruim van tevoren alvast gebruiken om te controleren of je aan de punten van de checklist voldoet.<\/p>\n<p>De checklist:<\/p>\n<ul>\n<li><strong>Communicatie<\/strong>: Bedenk wanneer je iedereen wilt informeren over je activiteit. Dat gaat via de nieuwsbrief en de socials (facebook \/ instagram). Omdat je vaak met een inschrijfperiode zit, is het noodzakelijk dat je minimaal <strong>2 maanden van tevoren<\/strong> je tekst voor de nieuwsbrief aanlevert via <a href=\"mailto:communicatietennis@wereditilburg.nl\">communicatietennis@wereditilburg.nl<\/a>. De nieuwsbrief wordt maximaal 1x per maand verzonden, dus als je een editie &#8216;gemist&#8217; hebt, duurt het weer een maand voordat er gemaild kan worden. Wil je iets geplaatst hebben op de socials, is het belangrijk om zelf een foto \/ poster aan te leveren die geplaatst kan worden. Let hierbij op <span style=\"text-decoration: underline;\"><strong>de rechten van de foto<\/strong><\/span>; je mag niet zomaar iets van internet halen!<\/li>\n<li><strong>Posters<\/strong>: Aankondiging middels posters zijn altijd een goede manier voor bekendheid. Zorg er wel voor dat je posters na afloop van je activiteit weer netjes worden verwijderd.<\/li>\n<li><strong>Catering<\/strong>:\u00a0<span style=\"line-height: 1.5;\">De bar en keuken hebben we sinds 2016 in eigen beheer. Dat is fijn, er is nu heel veel mogelijk. Maar denk wel aan voldoende barbezetting tijdens je activiteit.\u00a0<\/span>Heb je nog vragen over de horeca, mail dan naar Ruud Graumans: <a href=\"mailto:horeca@wereditilburg.nl\">horeca@wereditilburg.nl<\/a>.<\/li>\n<li><strong>Bestuur<\/strong>: Zorg dat je plannen van je activiteit altijd bekend zijn bij de co\u00f6rdinator activiteiten (Freek Hamers, <a href=\"mailto:activiteiten.tennis@wereditilburg.nl\" target=\"_blank\" rel=\"noopener\">activiteiten.tennis@wereditilburg.nl<\/a>). Dit is uiteraard voornamelijk van belang bij nieuwe activiteiten of vernieuwende idee\u00ebn.<\/li>\n<li><strong>Vergunningen: <\/strong>is er een vergunning voor je activiteit nodig (denk aan aangepaste sluitingstijden, verlichting)? Neem dan ALTIJD contact op met de co\u00f6rdinator activiteiten (Freek Hamers, <a href=\"mailto:activiteiten.tennis@wereditilburg.nl\" target=\"_blank\" rel=\"noopener\">activiteiten.tennis@wereditilburg.nl<\/a>).<\/li>\n<li class=\"x_MsoNormal\"><strong>Financi\u00eble ondersteuning<\/strong><i>: <\/i>Indien je een event of toernooi wil organiseren dan juichen wij dit als vereniging enorm toe. Er is vaak ook een financi\u00eble ondersteuning mogelijk vanuit de sponsorcommissie. Neem hiervoor altijd v\u00f3\u00f3raf even contact op met Nick van Mourik (<a id=\"LPlnk978856\" href=\"mailto:nickvanmourik@gmail.com\" target=\"_blank\" rel=\"noopener noreferrer\" data-auth=\"NotApplicable\" data-linkindex=\"0\">nickvanmourik@gmail.com<\/a>) en benader geen sponsoren vanuit eigen initiatief. Er zijn lopende contracten en afspraken met huidige sponsoren en deze zijn bekend bij de sponsorcommissie, zij kunnen samen met jou bekijken wat mogelijk is.<\/li>\n<\/ul>\n<p>Heb je nog aanvullingen of opmerkingen over deze checklist? We horen het graag. Stuur een mailtje naar <a href=\"mailto:communicatietennis@wereditilburg.nl\">communicatietennis@wereditilburg.nl<\/a> [\/vc_column_text][\/vc_column][vc_column width=&#8221;1\/3&#8243;][\/vc_column][\/vc_row]<\/p>\n<\/section>","protected":false},"excerpt":{"rendered":"<p>[vc_row][vc_column width=&#8221;2\/3&#8243;][vc_column_text]Organiseer je een activiteit? Actieve leden &#8216;maken&#8217; de vereniging, dus alvast bedankt voor je inzet! Om de organisatie zo soepel mogelijk te laten verlopen, is een checklist voor het organiseren van activiteiten opgesteld. Je kan deze ruim [&#8230;]<\/p>\n","protected":false},"author":6,"featured_media":0,"parent":0,"menu_order":0,"comment_status":"closed","ping_status":"closed","template":"","meta":{"_acf_changed":false,"footnotes":""},"class_list":["post-4326","page","type-page","status-publish","hentry"],"acf":[],"yoast_head":"<!-- This site is optimized with the Yoast SEO plugin v27.6 - https:\/\/yoast.com\/product\/yoast-seo-wordpress\/ -->\n<title>Checklist bij organisatie van activiteiten! - Were Di Tilburg tennis<\/title>\n<meta name=\"robots\" content=\"index, follow, max-snippet:-1, max-image-preview:large, max-video-preview:-1\" \/>\n<link rel=\"canonical\" href=\"https:\/\/www.wereditilburg.nl\/tennis\/checklist-bij-het-organiseren-van-activiteiten\/\" \/>\n<meta property=\"og:locale\" content=\"nl_NL\" \/>\n<meta property=\"og:type\" content=\"article\" \/>\n<meta property=\"og:title\" content=\"Checklist bij organisatie van activiteiten! - Were Di Tilburg tennis\" \/>\n<meta property=\"og:description\" content=\"[vc_row][vc_column width=&#8221;2\/3&#8243;][vc_column_text]Organiseer je een activiteit? Actieve leden &#8216;maken&#8217; de vereniging, dus alvast bedankt voor je inzet! Om de organisatie zo soepel mogelijk te laten verlopen, is een checklist voor het organiseren van activiteiten opgesteld. Je kan deze ruim [...]\" \/>\n<meta property=\"og:url\" content=\"https:\/\/www.wereditilburg.nl\/tennis\/checklist-bij-het-organiseren-van-activiteiten\/\" \/>\n<meta property=\"og:site_name\" content=\"Were Di Tilburg tennis\" \/>\n<meta property=\"article:publisher\" content=\"https:\/\/www.facebook.com\/wereditennis\" \/>\n<meta property=\"article:modified_time\" content=\"2025-02-25T13:12:31+00:00\" \/>\n<meta name=\"twitter:card\" content=\"summary_large_image\" \/>\n<meta name=\"twitter:label1\" content=\"Geschatte leestijd\" \/>\n\t<meta name=\"twitter:data1\" content=\"2 minuten\" \/>\n<script type=\"application\/ld+json\" class=\"yoast-schema-graph\">{\"@context\":\"https:\\\/\\\/schema.org\",\"@graph\":[{\"@type\":\"WebPage\",\"@id\":\"https:\\\/\\\/www.wereditilburg.nl\\\/tennis\\\/checklist-bij-het-organiseren-van-activiteiten\\\/\",\"url\":\"https:\\\/\\\/www.wereditilburg.nl\\\/tennis\\\/checklist-bij-het-organiseren-van-activiteiten\\\/\",\"name\":\"Checklist bij organisatie van activiteiten! - Were Di Tilburg tennis\",\"isPartOf\":{\"@id\":\"https:\\\/\\\/www.wereditilburg.nl\\\/tennis\\\/#website\"},\"datePublished\":\"2014-06-03T22:00:00+00:00\",\"dateModified\":\"2025-02-25T13:12:31+00:00\",\"breadcrumb\":{\"@id\":\"https:\\\/\\\/www.wereditilburg.nl\\\/tennis\\\/checklist-bij-het-organiseren-van-activiteiten\\\/#breadcrumb\"},\"inLanguage\":\"nl-NL\",\"potentialAction\":[{\"@type\":\"ReadAction\",\"target\":[\"https:\\\/\\\/www.wereditilburg.nl\\\/tennis\\\/checklist-bij-het-organiseren-van-activiteiten\\\/\"]}]},{\"@type\":\"BreadcrumbList\",\"@id\":\"https:\\\/\\\/www.wereditilburg.nl\\\/tennis\\\/checklist-bij-het-organiseren-van-activiteiten\\\/#breadcrumb\",\"itemListElement\":[{\"@type\":\"ListItem\",\"position\":1,\"name\":\"Home\",\"item\":\"https:\\\/\\\/www.wereditilburg.nl\\\/tennis\\\/\"},{\"@type\":\"ListItem\",\"position\":2,\"name\":\"Checklist bij organisatie van activiteiten!\"}]},{\"@type\":\"WebSite\",\"@id\":\"https:\\\/\\\/www.wereditilburg.nl\\\/tennis\\\/#website\",\"url\":\"https:\\\/\\\/www.wereditilburg.nl\\\/tennis\\\/\",\"name\":\"Were Di Tilburg tennis\",\"description\":\"Onderdeel van de omnivereniging Were Di Tilburg\",\"potentialAction\":[{\"@type\":\"SearchAction\",\"target\":{\"@type\":\"EntryPoint\",\"urlTemplate\":\"https:\\\/\\\/www.wereditilburg.nl\\\/tennis\\\/?s={search_term_string}\"},\"query-input\":{\"@type\":\"PropertyValueSpecification\",\"valueRequired\":true,\"valueName\":\"search_term_string\"}}],\"inLanguage\":\"nl-NL\"}]}<\/script>\n<!-- \/ Yoast SEO plugin. -->","yoast_head_json":{"title":"Checklist bij organisatie van activiteiten! - Were Di Tilburg tennis","robots":{"index":"index","follow":"follow","max-snippet":"max-snippet:-1","max-image-preview":"max-image-preview:large","max-video-preview":"max-video-preview:-1"},"canonical":"https:\/\/www.wereditilburg.nl\/tennis\/checklist-bij-het-organiseren-van-activiteiten\/","og_locale":"nl_NL","og_type":"article","og_title":"Checklist bij organisatie van activiteiten! - Were Di Tilburg tennis","og_description":"[vc_row][vc_column width=&#8221;2\/3&#8243;][vc_column_text]Organiseer je een activiteit? Actieve leden &#8216;maken&#8217; de vereniging, dus alvast bedankt voor je inzet! Om de organisatie zo soepel mogelijk te laten verlopen, is een checklist voor het organiseren van activiteiten opgesteld. Je kan deze ruim [...]","og_url":"https:\/\/www.wereditilburg.nl\/tennis\/checklist-bij-het-organiseren-van-activiteiten\/","og_site_name":"Were Di Tilburg tennis","article_publisher":"https:\/\/www.facebook.com\/wereditennis","article_modified_time":"2025-02-25T13:12:31+00:00","twitter_card":"summary_large_image","twitter_misc":{"Geschatte leestijd":"2 minuten"},"schema":{"@context":"https:\/\/schema.org","@graph":[{"@type":"WebPage","@id":"https:\/\/www.wereditilburg.nl\/tennis\/checklist-bij-het-organiseren-van-activiteiten\/","url":"https:\/\/www.wereditilburg.nl\/tennis\/checklist-bij-het-organiseren-van-activiteiten\/","name":"Checklist bij organisatie van activiteiten! - Were Di Tilburg tennis","isPartOf":{"@id":"https:\/\/www.wereditilburg.nl\/tennis\/#website"},"datePublished":"2014-06-03T22:00:00+00:00","dateModified":"2025-02-25T13:12:31+00:00","breadcrumb":{"@id":"https:\/\/www.wereditilburg.nl\/tennis\/checklist-bij-het-organiseren-van-activiteiten\/#breadcrumb"},"inLanguage":"nl-NL","potentialAction":[{"@type":"ReadAction","target":["https:\/\/www.wereditilburg.nl\/tennis\/checklist-bij-het-organiseren-van-activiteiten\/"]}]},{"@type":"BreadcrumbList","@id":"https:\/\/www.wereditilburg.nl\/tennis\/checklist-bij-het-organiseren-van-activiteiten\/#breadcrumb","itemListElement":[{"@type":"ListItem","position":1,"name":"Home","item":"https:\/\/www.wereditilburg.nl\/tennis\/"},{"@type":"ListItem","position":2,"name":"Checklist bij organisatie van activiteiten!"}]},{"@type":"WebSite","@id":"https:\/\/www.wereditilburg.nl\/tennis\/#website","url":"https:\/\/www.wereditilburg.nl\/tennis\/","name":"Were Di Tilburg tennis","description":"Onderdeel van de omnivereniging Were Di Tilburg","potentialAction":[{"@type":"SearchAction","target":{"@type":"EntryPoint","urlTemplate":"https:\/\/www.wereditilburg.nl\/tennis\/?s={search_term_string}"},"query-input":{"@type":"PropertyValueSpecification","valueRequired":true,"valueName":"search_term_string"}}],"inLanguage":"nl-NL"}]}},"_links":{"self":[{"href":"https:\/\/www.wereditilburg.nl\/tennis\/wp-json\/wp\/v2\/pages\/4326","targetHints":{"allow":["GET"]}}],"collection":[{"href":"https:\/\/www.wereditilburg.nl\/tennis\/wp-json\/wp\/v2\/pages"}],"about":[{"href":"https:\/\/www.wereditilburg.nl\/tennis\/wp-json\/wp\/v2\/types\/page"}],"author":[{"embeddable":true,"href":"https:\/\/www.wereditilburg.nl\/tennis\/wp-json\/wp\/v2\/users\/6"}],"replies":[{"embeddable":true,"href":"https:\/\/www.wereditilburg.nl\/tennis\/wp-json\/wp\/v2\/comments?post=4326"}],"version-history":[{"count":13,"href":"https:\/\/www.wereditilburg.nl\/tennis\/wp-json\/wp\/v2\/pages\/4326\/revisions"}],"predecessor-version":[{"id":6901,"href":"https:\/\/www.wereditilburg.nl\/tennis\/wp-json\/wp\/v2\/pages\/4326\/revisions\/6901"}],"wp:attachment":[{"href":"https:\/\/www.wereditilburg.nl\/tennis\/wp-json\/wp\/v2\/media?parent=4326"}],"curies":[{"name":"wp","href":"https:\/\/api.w.org\/{rel}","templated":true}]}}