  {"id":4305,"date":"2014-06-04T00:00:00","date_gmt":"2014-06-03T22:00:00","guid":{"rendered":"https:\/\/www.wereditilburg.nl\/tennis\/aanmelden\/"},"modified":"2025-11-14T14:49:54","modified_gmt":"2025-11-14T13:49:54","slug":"lid-worden","status":"publish","type":"page","link":"https:\/\/www.wereditilburg.nl\/tennis\/lid-worden\/","title":{"rendered":"Lid worden?"},"content":{"rendered":"<section class=\"wpb-content-wrapper\"><p>[vc_row 0=&#8221;&#8221;][vc_column width=&#8221;2\/3&#8243;][vc_column_text 0=&#8221;&#8221;]<\/p>\n<h2>Lid worden?<\/h2>\n<p><strong>Het lidmaatschap van\u00a0Were\u00a0Di Tilburg tennis is een jaarlidmaatschap.<\/strong> Het tennisseizoen loopt van 1 januari t\/m 31 december. Lid worden? Dat kan via <a href=\"https:\/\/www.wereditilburg.nl\/tennis\/aanmelden\/\">deze pagina<\/a>.<\/p>\n<p>Het lidmaatschap wordt volgens de bepalingen van het verenigingsrecht automatisch verlengd, tenzij het lid het lidmaatschap\u00a0<em>op correcte wijze<\/em>\u00a0heeft opgezegd (zie onder\u00a0<a href=\"http:\/\/www.wereditilburg.nl\/tennis\/lidmaatschap-2\/opzeggen\/\"><strong>Opzeggen<\/strong><\/a>). Alle leden van\u00a0Were\u00a0Di Tilburg tennis zijn automatisch \u00f3\u00f3k lid van de KNLTB.<\/p>\n<p>Als je lid wordt van Were Di Tilburg tennis word je ondergebracht in een leeftijdscategorie. Deze categorie\u00ebn zijn gebaseerd op de categorie\u00ebn die de tennisbond KNLTB heeft vastgesteld:<\/p>\n<ul>\n<li><strong>senioren:\u00a0<\/strong>degenen die v\u00f3\u00f3r 1 januari van een kalenderjaar of bij inschrijving de leeftijd van 18 jaar hebben bereikt;<\/li>\n<li><strong>junioren:\u00a0<\/strong>degenen die v\u00f3\u00f3r 1 januari van een kalenderjaar of bij inschrijving de leeftijd van 13 jaar hebben bereikt maar de leeftijd van 18 jaar nog niet;<\/li>\n<li><strong>tenniskids:\u00a0<\/strong>degenen die v\u00f3\u00f3r 1 januari van een kalenderjaar of bij inschrijving de leeftijd van 13 jaar nog niet hebben bereikt.<\/li>\n<\/ul>\n<h3>Andere vormen van lidmaatschap<\/h3>\n<p>Naast het <strong>jaarlidmaatschap<\/strong> kent\u00a0Were\u00a0Di Tilburg Tennis nog enkele andere typen lidmaatschap:<\/p>\n<ul>\n<li><strong>omnilid<\/strong>: een jaarlidmaatschap voor personen die \u00f3\u00f3k lid zijn van \u00e9\u00e9n van de andere units van Were Di Tilburg;<\/li>\n<li><strong>zomerlid<\/strong> (<em><strong>aanmelden\/inschrijven kan alleen in de maanden mei en juni<\/strong><\/em>):<br \/>\neen kort lidmaatschap van 4 maanden (juni t\/m september). Het lidmaatschap eindigt automatisch als de gekozen periode verstreken is, tenzij het voor die tijd is omgezet in een jaarlidmaatschap;<\/li>\n<li><strong>winterlid<\/strong> (<em><strong>aanmelden\/inschrijven kan alleen in de maanden september en oktober<\/strong><\/em>):<br \/>\ndit lidmaatschap loopt van oktober t\/m maart. Het lidmaatschap eindigt automatisch aan het einde van de periode, tenzij het voor die tijd is omgezet in een jaarlidmaatschap.<br \/>\nNB: <em>winterleden zijn niet gerechtigd om op vrijdagavond KNLTB-competitie te spelen.<\/em><\/li>\n<\/ul>\n<h3><strong>De vereniging zijn we samen\u2026<\/strong><\/h3>\n<p>Een vereniging als Were Di Tilburg wordt door vrijwilligers draaiende gehouden. Dat is immers de essentie van een vereniging. Gezamenlijk maken we ons hard voor hetzelfde doel; veilig en prettig sporten in een gezellige omgeving. Om dat mogelijk te maken betaal je een bijdrage in de kosten (lees: contributie). Deze bijdrage is bij lange na niet kostendekkend.<\/p>\n<p>Om sporten betaalbaar te houden verwachten wij van onze 18-plus leden dat zij zich minstens een aantal uur per jaar kosteloos inzetten voor onze vereniging*. De meest voorkomende taak is het draaien van enkele bardiensten op jaarbasis.<br \/>\n*Deze verplichting geldt niet voor zomer- en pasjesleden.<\/p>\n<p>Lees <a href=\"https:\/\/www.wereditilburg.nl\/tennis\/verenigingswerk_were_di_tilburg\/\"><strong>hier<\/strong><\/a> meer over verenigingswerk bij Were Di Tilburg.<\/p>\n<p>[\/vc_column_text][\/vc_column][vc_column width=&#8221;1\/3&#8243;][\/vc_column][\/vc_row]<\/p>\n<\/section>","protected":false},"excerpt":{"rendered":"<p>[vc_row 0=&#8221;&#8221;][vc_column width=&#8221;2\/3&#8243;][vc_column_text 0=&#8221;&#8221;] Lid worden? Het lidmaatschap van\u00a0Were\u00a0Di Tilburg tennis is een jaarlidmaatschap. Het tennisseizoen loopt van 1 januari t\/m 31 december. Lid worden? Dat kan via deze pagina. Het lidmaatschap wordt volgens de bepalingen van het [&#8230;]<\/p>\n","protected":false},"author":6,"featured_media":0,"parent":0,"menu_order":0,"comment_status":"closed","ping_status":"closed","template":"","meta":{"_acf_changed":false,"footnotes":""},"class_list":["post-4305","page","type-page","status-publish","hentry"],"acf":[],"yoast_head":"<!-- This site is optimized with the Yoast SEO plugin v27.5 - https:\/\/yoast.com\/product\/yoast-seo-wordpress\/ -->\n<title>Lid worden? - Were Di Tilburg tennis<\/title>\n<meta name=\"description\" content=\"Lid worden bij Were Di is een jaarlidmaatschap die loopt van april t\/m maart. Daarnaast zijn er nog enkele andere opties, zoals competitielid.\" \/>\n<meta name=\"robots\" content=\"index, follow, max-snippet:-1, max-image-preview:large, max-video-preview:-1\" \/>\n<link rel=\"canonical\" href=\"https:\/\/www.wereditilburg.nl\/tennis\/lid-worden\/\" \/>\n<meta property=\"og:locale\" content=\"nl_NL\" \/>\n<meta property=\"og:type\" content=\"article\" \/>\n<meta property=\"og:title\" content=\"Lid worden? - Were Di Tilburg tennis\" \/>\n<meta property=\"og:description\" content=\"Lid worden bij Were Di is een jaarlidmaatschap die loopt van april t\/m maart. Daarnaast zijn er nog enkele andere opties, zoals competitielid.\" \/>\n<meta property=\"og:url\" content=\"https:\/\/www.wereditilburg.nl\/tennis\/lid-worden\/\" \/>\n<meta property=\"og:site_name\" content=\"Were Di Tilburg tennis\" \/>\n<meta property=\"article:publisher\" content=\"https:\/\/www.facebook.com\/wereditennis\" \/>\n<meta property=\"article:modified_time\" content=\"2025-11-14T13:49:54+00:00\" \/>\n<meta name=\"twitter:card\" content=\"summary_large_image\" \/>\n<meta name=\"twitter:label1\" content=\"Geschatte leestijd\" \/>\n\t<meta name=\"twitter:data1\" content=\"3 minuten\" \/>\n<script type=\"application\/ld+json\" class=\"yoast-schema-graph\">{\"@context\":\"https:\\\/\\\/schema.org\",\"@graph\":[{\"@type\":\"WebPage\",\"@id\":\"https:\\\/\\\/www.wereditilburg.nl\\\/tennis\\\/lid-worden\\\/\",\"url\":\"https:\\\/\\\/www.wereditilburg.nl\\\/tennis\\\/lid-worden\\\/\",\"name\":\"Lid worden? - Were Di Tilburg tennis\",\"isPartOf\":{\"@id\":\"https:\\\/\\\/www.wereditilburg.nl\\\/tennis\\\/#website\"},\"datePublished\":\"2014-06-03T22:00:00+00:00\",\"dateModified\":\"2025-11-14T13:49:54+00:00\",\"description\":\"Lid worden bij Were Di is een jaarlidmaatschap die loopt van april t\\\/m maart. Daarnaast zijn er nog enkele andere opties, zoals competitielid.\",\"breadcrumb\":{\"@id\":\"https:\\\/\\\/www.wereditilburg.nl\\\/tennis\\\/lid-worden\\\/#breadcrumb\"},\"inLanguage\":\"nl-NL\",\"potentialAction\":[{\"@type\":\"ReadAction\",\"target\":[\"https:\\\/\\\/www.wereditilburg.nl\\\/tennis\\\/lid-worden\\\/\"]}]},{\"@type\":\"BreadcrumbList\",\"@id\":\"https:\\\/\\\/www.wereditilburg.nl\\\/tennis\\\/lid-worden\\\/#breadcrumb\",\"itemListElement\":[{\"@type\":\"ListItem\",\"position\":1,\"name\":\"Home\",\"item\":\"https:\\\/\\\/www.wereditilburg.nl\\\/tennis\\\/\"},{\"@type\":\"ListItem\",\"position\":2,\"name\":\"Lid worden?\"}]},{\"@type\":\"WebSite\",\"@id\":\"https:\\\/\\\/www.wereditilburg.nl\\\/tennis\\\/#website\",\"url\":\"https:\\\/\\\/www.wereditilburg.nl\\\/tennis\\\/\",\"name\":\"Were Di Tilburg tennis\",\"description\":\"Onderdeel van de omnivereniging Were Di Tilburg\",\"potentialAction\":[{\"@type\":\"SearchAction\",\"target\":{\"@type\":\"EntryPoint\",\"urlTemplate\":\"https:\\\/\\\/www.wereditilburg.nl\\\/tennis\\\/?s={search_term_string}\"},\"query-input\":{\"@type\":\"PropertyValueSpecification\",\"valueRequired\":true,\"valueName\":\"search_term_string\"}}],\"inLanguage\":\"nl-NL\"}]}<\/script>\n<!-- \/ Yoast SEO plugin. -->","yoast_head_json":{"title":"Lid worden? - Were Di Tilburg tennis","description":"Lid worden bij Were Di is een jaarlidmaatschap die loopt van april t\/m maart. Daarnaast zijn er nog enkele andere opties, zoals competitielid.","robots":{"index":"index","follow":"follow","max-snippet":"max-snippet:-1","max-image-preview":"max-image-preview:large","max-video-preview":"max-video-preview:-1"},"canonical":"https:\/\/www.wereditilburg.nl\/tennis\/lid-worden\/","og_locale":"nl_NL","og_type":"article","og_title":"Lid worden? - Were Di Tilburg tennis","og_description":"Lid worden bij Were Di is een jaarlidmaatschap die loopt van april t\/m maart. Daarnaast zijn er nog enkele andere opties, zoals competitielid.","og_url":"https:\/\/www.wereditilburg.nl\/tennis\/lid-worden\/","og_site_name":"Were Di Tilburg tennis","article_publisher":"https:\/\/www.facebook.com\/wereditennis","article_modified_time":"2025-11-14T13:49:54+00:00","twitter_card":"summary_large_image","twitter_misc":{"Geschatte leestijd":"3 minuten"},"schema":{"@context":"https:\/\/schema.org","@graph":[{"@type":"WebPage","@id":"https:\/\/www.wereditilburg.nl\/tennis\/lid-worden\/","url":"https:\/\/www.wereditilburg.nl\/tennis\/lid-worden\/","name":"Lid worden? - Were Di Tilburg tennis","isPartOf":{"@id":"https:\/\/www.wereditilburg.nl\/tennis\/#website"},"datePublished":"2014-06-03T22:00:00+00:00","dateModified":"2025-11-14T13:49:54+00:00","description":"Lid worden bij Were Di is een jaarlidmaatschap die loopt van april t\/m maart. Daarnaast zijn er nog enkele andere opties, zoals competitielid.","breadcrumb":{"@id":"https:\/\/www.wereditilburg.nl\/tennis\/lid-worden\/#breadcrumb"},"inLanguage":"nl-NL","potentialAction":[{"@type":"ReadAction","target":["https:\/\/www.wereditilburg.nl\/tennis\/lid-worden\/"]}]},{"@type":"BreadcrumbList","@id":"https:\/\/www.wereditilburg.nl\/tennis\/lid-worden\/#breadcrumb","itemListElement":[{"@type":"ListItem","position":1,"name":"Home","item":"https:\/\/www.wereditilburg.nl\/tennis\/"},{"@type":"ListItem","position":2,"name":"Lid worden?"}]},{"@type":"WebSite","@id":"https:\/\/www.wereditilburg.nl\/tennis\/#website","url":"https:\/\/www.wereditilburg.nl\/tennis\/","name":"Were Di Tilburg tennis","description":"Onderdeel van de omnivereniging Were Di Tilburg","potentialAction":[{"@type":"SearchAction","target":{"@type":"EntryPoint","urlTemplate":"https:\/\/www.wereditilburg.nl\/tennis\/?s={search_term_string}"},"query-input":{"@type":"PropertyValueSpecification","valueRequired":true,"valueName":"search_term_string"}}],"inLanguage":"nl-NL"}]}},"_links":{"self":[{"href":"https:\/\/www.wereditilburg.nl\/tennis\/wp-json\/wp\/v2\/pages\/4305","targetHints":{"allow":["GET"]}}],"collection":[{"href":"https:\/\/www.wereditilburg.nl\/tennis\/wp-json\/wp\/v2\/pages"}],"about":[{"href":"https:\/\/www.wereditilburg.nl\/tennis\/wp-json\/wp\/v2\/types\/page"}],"author":[{"embeddable":true,"href":"https:\/\/www.wereditilburg.nl\/tennis\/wp-json\/wp\/v2\/users\/6"}],"replies":[{"embeddable":true,"href":"https:\/\/www.wereditilburg.nl\/tennis\/wp-json\/wp\/v2\/comments?post=4305"}],"version-history":[{"count":31,"href":"https:\/\/www.wereditilburg.nl\/tennis\/wp-json\/wp\/v2\/pages\/4305\/revisions"}],"predecessor-version":[{"id":7008,"href":"https:\/\/www.wereditilburg.nl\/tennis\/wp-json\/wp\/v2\/pages\/4305\/revisions\/7008"}],"wp:attachment":[{"href":"https:\/\/www.wereditilburg.nl\/tennis\/wp-json\/wp\/v2\/media?parent=4305"}],"curies":[{"name":"wp","href":"https:\/\/api.w.org\/{rel}","templated":true}]}}