  {"id":4300,"date":"2014-06-04T00:00:00","date_gmt":"2014-06-03T22:00:00","guid":{"rendered":"https:\/\/www.wereditilburg.nl\/tennis\/interne-competitie\/"},"modified":"2024-10-11T12:17:22","modified_gmt":"2024-10-11T10:17:22","slug":"interne-competitie","status":"publish","type":"page","link":"https:\/\/www.wereditilburg.nl\/tennis\/interne-competitie\/","title":{"rendered":"Interne Competitie"},"content":{"rendered":"<h4>Interne Wintercompetitie<\/h4>\n<p class=\"p1\">Jaarlijks wordt er een interne wintercompetitie georganiseerd. Deze competitie is bedoeld voor <b>alle<\/b> leden van Were Di Tilburg Tennis: van beginner tot gevorderde.<span class=\"Apple-converted-space\">\u00a0<\/span><\/p>\n<p class=\"p1\">Deze competitie vindt plaats op de dinsdagavond in de maanden november t\/m februari. De interne wintercompetitie 2024\/2025 start op <b>12 november 2024<\/b>. De exacte einddatum is afhankelijk van het aantal aanmeldingen en het winterweer. <b>Meld je uiterlijk 27 oktober 2024 aan via onderstaand inschrijfformulier!<\/b><\/p>\n<p class=\"p1\">Dit kun je verwachten:<\/p>\n<ul class=\"ul1\">\n<li class=\"li2\">Je strijdt met teams tegen elkaar. Je schrijft je alleen of als tweetal in. De organisatie maakt (gelijkwaardige) teams.<\/li>\n<li class=\"li2\">Je geeft aan welke speelsterkte je wilt spelen: 6, 7, 8 of 9.<\/li>\n<li class=\"li2\">Er worden wedstrijden van 60 minuten gespeeld: van 19.15 \u2013 20.15 of van 20.30 \u2013 21.30 uur.<\/li>\n<li class=\"li2\">Ieder team is \u00e9\u00e9n week gastteam. Dit houdt in dat jouw team \u00e9\u00e9n dinsdagavond de wedstrijdorganisatie verzorgt.<\/li>\n<li class=\"li3\">Op 24 en 31 december wordt er niet gespeeld i.v.m. de feestdagen.<\/li>\n<li class=\"li3\">De competitie wordt afgesloten met een feestelijke finaleavond.<\/li>\n<li class=\"li3\">Inschrijfgeld is \u20ac 7,50 per persoon. Hiervan worden hapjes op de wedstrijd- en de finaleavond verzorgd.<\/li>\n<\/ul>\n<p class=\"p1\">Heb je zin om in de wintermaanden gezellig te tennissen op dinsdagavond? Vul dan <strong>uiterlijk 27 oktober 2024<\/strong> onderstaand inschrijfformulier in.<span class=\"Apple-converted-space\">\u00a0<\/span><\/p>\n<p class=\"p1\">Vragen? Mail naar <a href=\"mailto:iwctennis@wereditilburg.nl\">iwctennis@wereditilburg.nl<\/a><\/p>\n<p>De IWC-organisatie:<br \/>\nScarlett Schauwaert, Lieneke Kolen, Joyce de Graaff en Maaike van Boven<\/p>\n<h4>Inschrijfformulier<\/h4>\n\n","protected":false},"excerpt":{"rendered":"<p>Interne Wintercompetitie Jaarlijks wordt er een interne wintercompetitie georganiseerd. Deze competitie is bedoeld voor alle leden van Were Di Tilburg Tennis: van beginner tot gevorderde.\u00a0 Deze competitie vindt plaats op de dinsdagavond in de maanden november t\/m februari. [&#8230;]<\/p>\n","protected":false},"author":6,"featured_media":0,"parent":0,"menu_order":0,"comment_status":"closed","ping_status":"closed","template":"","meta":{"_acf_changed":false,"footnotes":""},"class_list":["post-4300","page","type-page","status-publish","hentry"],"acf":[],"yoast_head":"<!-- This site is optimized with the Yoast SEO plugin v27.5 - https:\/\/yoast.com\/product\/yoast-seo-wordpress\/ -->\n<title>Interne Competitie - Were Di Tilburg tennis<\/title>\n<meta name=\"robots\" content=\"index, follow, max-snippet:-1, max-image-preview:large, max-video-preview:-1\" \/>\n<link rel=\"canonical\" href=\"https:\/\/www.wereditilburg.nl\/tennis\/interne-competitie\/\" \/>\n<meta property=\"og:locale\" content=\"nl_NL\" \/>\n<meta property=\"og:type\" content=\"article\" \/>\n<meta property=\"og:title\" content=\"Interne Competitie - Were Di Tilburg tennis\" \/>\n<meta property=\"og:description\" content=\"Interne Wintercompetitie Jaarlijks wordt er een interne wintercompetitie georganiseerd. Deze competitie is bedoeld voor alle leden van Were Di Tilburg Tennis: van beginner tot gevorderde.\u00a0 Deze competitie vindt plaats op de dinsdagavond in de maanden november t\/m februari. [...]\" \/>\n<meta property=\"og:url\" content=\"https:\/\/www.wereditilburg.nl\/tennis\/interne-competitie\/\" \/>\n<meta property=\"og:site_name\" content=\"Were Di Tilburg tennis\" \/>\n<meta property=\"article:publisher\" content=\"https:\/\/www.facebook.com\/wereditennis\" \/>\n<meta property=\"article:modified_time\" content=\"2024-10-11T10:17:22+00:00\" \/>\n<meta name=\"twitter:card\" content=\"summary_large_image\" \/>\n<meta name=\"twitter:label1\" content=\"Geschatte leestijd\" \/>\n\t<meta name=\"twitter:data1\" content=\"2 minuten\" \/>\n<script type=\"application\/ld+json\" class=\"yoast-schema-graph\">{\"@context\":\"https:\\\/\\\/schema.org\",\"@graph\":[{\"@type\":\"WebPage\",\"@id\":\"https:\\\/\\\/www.wereditilburg.nl\\\/tennis\\\/interne-competitie\\\/\",\"url\":\"https:\\\/\\\/www.wereditilburg.nl\\\/tennis\\\/interne-competitie\\\/\",\"name\":\"Interne Competitie - Were Di Tilburg tennis\",\"isPartOf\":{\"@id\":\"https:\\\/\\\/www.wereditilburg.nl\\\/tennis\\\/#website\"},\"datePublished\":\"2014-06-03T22:00:00+00:00\",\"dateModified\":\"2024-10-11T10:17:22+00:00\",\"breadcrumb\":{\"@id\":\"https:\\\/\\\/www.wereditilburg.nl\\\/tennis\\\/interne-competitie\\\/#breadcrumb\"},\"inLanguage\":\"nl-NL\",\"potentialAction\":[{\"@type\":\"ReadAction\",\"target\":[\"https:\\\/\\\/www.wereditilburg.nl\\\/tennis\\\/interne-competitie\\\/\"]}]},{\"@type\":\"BreadcrumbList\",\"@id\":\"https:\\\/\\\/www.wereditilburg.nl\\\/tennis\\\/interne-competitie\\\/#breadcrumb\",\"itemListElement\":[{\"@type\":\"ListItem\",\"position\":1,\"name\":\"Home\",\"item\":\"https:\\\/\\\/www.wereditilburg.nl\\\/tennis\\\/\"},{\"@type\":\"ListItem\",\"position\":2,\"name\":\"Interne Competitie\"}]},{\"@type\":\"WebSite\",\"@id\":\"https:\\\/\\\/www.wereditilburg.nl\\\/tennis\\\/#website\",\"url\":\"https:\\\/\\\/www.wereditilburg.nl\\\/tennis\\\/\",\"name\":\"Were Di Tilburg tennis\",\"description\":\"Onderdeel van de omnivereniging Were Di Tilburg\",\"potentialAction\":[{\"@type\":\"SearchAction\",\"target\":{\"@type\":\"EntryPoint\",\"urlTemplate\":\"https:\\\/\\\/www.wereditilburg.nl\\\/tennis\\\/?s={search_term_string}\"},\"query-input\":{\"@type\":\"PropertyValueSpecification\",\"valueRequired\":true,\"valueName\":\"search_term_string\"}}],\"inLanguage\":\"nl-NL\"}]}<\/script>\n<!-- \/ Yoast SEO plugin. -->","yoast_head_json":{"title":"Interne Competitie - Were Di Tilburg tennis","robots":{"index":"index","follow":"follow","max-snippet":"max-snippet:-1","max-image-preview":"max-image-preview:large","max-video-preview":"max-video-preview:-1"},"canonical":"https:\/\/www.wereditilburg.nl\/tennis\/interne-competitie\/","og_locale":"nl_NL","og_type":"article","og_title":"Interne Competitie - Were Di Tilburg tennis","og_description":"Interne Wintercompetitie Jaarlijks wordt er een interne wintercompetitie georganiseerd. Deze competitie is bedoeld voor alle leden van Were Di Tilburg Tennis: van beginner tot gevorderde.\u00a0 Deze competitie vindt plaats op de dinsdagavond in de maanden november t\/m februari. [...]","og_url":"https:\/\/www.wereditilburg.nl\/tennis\/interne-competitie\/","og_site_name":"Were Di Tilburg tennis","article_publisher":"https:\/\/www.facebook.com\/wereditennis","article_modified_time":"2024-10-11T10:17:22+00:00","twitter_card":"summary_large_image","twitter_misc":{"Geschatte leestijd":"2 minuten"},"schema":{"@context":"https:\/\/schema.org","@graph":[{"@type":"WebPage","@id":"https:\/\/www.wereditilburg.nl\/tennis\/interne-competitie\/","url":"https:\/\/www.wereditilburg.nl\/tennis\/interne-competitie\/","name":"Interne Competitie - Were Di Tilburg tennis","isPartOf":{"@id":"https:\/\/www.wereditilburg.nl\/tennis\/#website"},"datePublished":"2014-06-03T22:00:00+00:00","dateModified":"2024-10-11T10:17:22+00:00","breadcrumb":{"@id":"https:\/\/www.wereditilburg.nl\/tennis\/interne-competitie\/#breadcrumb"},"inLanguage":"nl-NL","potentialAction":[{"@type":"ReadAction","target":["https:\/\/www.wereditilburg.nl\/tennis\/interne-competitie\/"]}]},{"@type":"BreadcrumbList","@id":"https:\/\/www.wereditilburg.nl\/tennis\/interne-competitie\/#breadcrumb","itemListElement":[{"@type":"ListItem","position":1,"name":"Home","item":"https:\/\/www.wereditilburg.nl\/tennis\/"},{"@type":"ListItem","position":2,"name":"Interne Competitie"}]},{"@type":"WebSite","@id":"https:\/\/www.wereditilburg.nl\/tennis\/#website","url":"https:\/\/www.wereditilburg.nl\/tennis\/","name":"Were Di Tilburg tennis","description":"Onderdeel van de omnivereniging Were Di Tilburg","potentialAction":[{"@type":"SearchAction","target":{"@type":"EntryPoint","urlTemplate":"https:\/\/www.wereditilburg.nl\/tennis\/?s={search_term_string}"},"query-input":{"@type":"PropertyValueSpecification","valueRequired":true,"valueName":"search_term_string"}}],"inLanguage":"nl-NL"}]}},"_links":{"self":[{"href":"https:\/\/www.wereditilburg.nl\/tennis\/wp-json\/wp\/v2\/pages\/4300","targetHints":{"allow":["GET"]}}],"collection":[{"href":"https:\/\/www.wereditilburg.nl\/tennis\/wp-json\/wp\/v2\/pages"}],"about":[{"href":"https:\/\/www.wereditilburg.nl\/tennis\/wp-json\/wp\/v2\/types\/page"}],"author":[{"embeddable":true,"href":"https:\/\/www.wereditilburg.nl\/tennis\/wp-json\/wp\/v2\/users\/6"}],"replies":[{"embeddable":true,"href":"https:\/\/www.wereditilburg.nl\/tennis\/wp-json\/wp\/v2\/comments?post=4300"}],"version-history":[{"count":10,"href":"https:\/\/www.wereditilburg.nl\/tennis\/wp-json\/wp\/v2\/pages\/4300\/revisions"}],"predecessor-version":[{"id":6859,"href":"https:\/\/www.wereditilburg.nl\/tennis\/wp-json\/wp\/v2\/pages\/4300\/revisions\/6859"}],"wp:attachment":[{"href":"https:\/\/www.wereditilburg.nl\/tennis\/wp-json\/wp\/v2\/media?parent=4300"}],"curies":[{"name":"wp","href":"https:\/\/api.w.org\/{rel}","templated":true}]}}